{"id":168,"date":"2016-04-25T15:53:43","date_gmt":"2016-04-25T13:53:43","guid":{"rendered":"http:\/\/transparenz-ja.ch\/fr\/?page_id=168"},"modified":"2018-02-13T09:57:29","modified_gmt":"2018-02-13T08:57:29","slug":"downloads","status":"publish","type":"page","link":"https:\/\/transparenz-ja.ch\/fr\/downloads\/","title":{"rendered":"Downloads"},"content":{"rendered":"<div id=\"pl-168\"  class=\"panel-layout\" ><div id=\"pg-168-0\"  class=\"panel-grid panel-no-style\" ><div id=\"pgc-168-0-0\"  class=\"panel-grid-cell\" ><div id=\"panel-168-0-0-0\" class=\"so-panel widget widget_sow-editor panel-first-child panel-last-child\" data-index=\"0\" ><div\n\t\t\t\n\t\t\tclass=\"so-widget-sow-editor so-widget-sow-editor-base\"\n\t\t\t\n\t\t>\n<div class=\"siteorigin-widget-tinymce textwidget\">\n\t<h4>Argumentaire<\/h4>\n<p><a href=\"https:\/\/transparenz-ja.ch\/?p=575\">Argumentaire pour l'initiative sur la transparence<\/a><\/p>\n<h4>Informations<\/h4>\n<p><a href=\"https:\/\/transparenz-ja.ch\/wp-content\/uploads\/sites\/65\/2016\/04\/GRECO-Zwischenbericht_fr-2017.pdf\" target=\"_blank\" rel=\"noopener noreferrer\">GRECO: Rapport de Conformit\u00e9 int\u00e9rimaire (2017)<\/a><\/p>\n<p><a href=\"https:\/\/transparenz-ja.ch\/wp-content\/uploads\/sites\/65\/2016\/04\/Financing-Democracy_OECD_e_2016.pdf\" target=\"_blank\" rel=\"noopener noreferrer\">OECD: Financing Democracy (2016)<\/a><\/p>\n<p><a href=\"https:\/\/transparenz-ja.ch\/wp-content\/uploads\/sites\/65\/2017\/08\/2012_Financement_de_la_politique_fr.pdf\" target=\"_blank\" rel=\"noopener noreferrer\">Transparency International Suisse: Le Financement de la Politique en Suisse (2012)<\/a><\/p>\n<p><a href=\"https:\/\/transparenz-ja.ch\/wp-content\/uploads\/sites\/65\/2016\/04\/das-politische-Profil-des-Geldes-1.pdf\" target=\"_blank\" rel=\"noopener noreferrer\">Michael Herrmann: Das politische Profil des Geldes (2012)<\/a><\/p>\n<p><a href=\"https:\/\/transparenz-ja.ch\/wp-content\/uploads\/sites\/65\/2016\/04\/Financement-des-partis-politiques-et-des-campagnes-\u00e9lectorales_fr_Confederation-suisse_2011.pdf\" target=\"_blank\" rel=\"noopener noreferrer\">Conf\u00e9d\u00e9ration Suisse: Financement des partis politiques et des campagnes \u00e9lectorales (2011)<\/a><\/p>\n<p><a href=\"https:\/\/transparenz-ja.ch\/wp-content\/uploads\/sites\/65\/2016\/04\/Financing-Political-Parties_fr_Europarat_2003.pdf\" target=\"_blank\" rel=\"noopener noreferrer\">Conseil de l'Europe: Financement des partis politiques et des campagnes \u00e9lectorales - Lignes Directrices <\/a><a href=\"https:\/\/transparenz-ja.ch\/wp-content\/uploads\/sites\/65\/2016\/04\/Financing-Political-Parties_fr_Europarat_2003.pdf\">(2003)<\/a><\/p>\n<h4>Logos<\/h4>\n<p><a href=\"https:\/\/transparenz-ja.ch\/wp-content\/uploads\/sites\/65\/2016\/04\/Transparenz-Logo.zip\" target=\"_blank\" rel=\"noopener noreferrer\">Logos Transparence (d\/f\/i)<\/a><\/p>\n<\/div>\n<\/div><\/div><\/div><\/div><\/div>","protected":false},"excerpt":{"rendered":"<p>Argumentaire Argumentaire pour l&rsquo;initiative sur la transparence Informations GRECO: Rapport de Conformit\u00e9 int\u00e9rimaire (2017) OECD: Financing Democracy (2016) Transparency International Suisse: Le Financement de la Politique en Suisse (2012) Michael Herrmann: Das politische Profil des Geldes (2012) Conf\u00e9d\u00e9ration Suisse: Financement des partis politiques et des campagnes \u00e9lectorales (2011) Conseil de l&rsquo;Europe: Financement des partis politiques &hellip; <a href=\"https:\/\/transparenz-ja.ch\/fr\/downloads\/\" title=\"Downloads\" class=\"read-more\">Lire la suite<\/a><\/p>\n","protected":false},"author":68,"featured_media":0,"parent":0,"menu_order":0,"comment_status":"closed","ping_status":"closed","template":"","meta":{"footnotes":""},"class_list":["post-168","page","type-page","status-publish","hentry"],"yoast_head":"<!-- This site is optimized with the Yoast SEO plugin v27.4 - https:\/\/yoast.com\/product\/yoast-seo-wordpress\/ -->\n<title>Downloads - Transparenz-Initiative<\/title>\n<meta name=\"robots\" content=\"index, follow, max-snippet:-1, max-image-preview:large, max-video-preview:-1\" \/>\n<link rel=\"canonical\" href=\"https:\/\/transparenz-ja.ch\/fr\/downloads\/\" \/>\n<meta property=\"og:locale\" content=\"fr_FR\" \/>\n<meta property=\"og:type\" content=\"article\" \/>\n<meta property=\"og:title\" content=\"Downloads - Transparenz-Initiative\" \/>\n<meta property=\"og:description\" content=\"Argumentaire Argumentaire pour l&#039;initiative sur la transparence Informations GRECO: Rapport de Conformit\u00e9 int\u00e9rimaire (2017) OECD: Financing Democracy (2016) Transparency International Suisse: Le Financement de la Politique en Suisse (2012) Michael Herrmann: Das politische Profil des Geldes (2012) Conf\u00e9d\u00e9ration Suisse: Financement des partis politiques et des campagnes \u00e9lectorales (2011) Conseil de l&#039;Europe: Financement des partis politiques [&hellip;]\" \/>\n<meta property=\"og:url\" content=\"https:\/\/transparenz-ja.ch\/fr\/downloads\/\" \/>\n<meta property=\"og:site_name\" content=\"Transparenz-Initiative\" \/>\n<meta property=\"article:modified_time\" content=\"2018-02-13T08:57:29+00:00\" \/>\n<meta name=\"twitter:card\" content=\"summary_large_image\" \/>\n<script type=\"application\/ld+json\" class=\"yoast-schema-graph\">{\"@context\":\"https:\\\/\\\/schema.org\",\"@graph\":[{\"@type\":\"WebPage\",\"@id\":\"https:\\\/\\\/transparenz-ja.ch\\\/fr\\\/downloads\\\/\",\"url\":\"https:\\\/\\\/transparenz-ja.ch\\\/fr\\\/downloads\\\/\",\"name\":\"Downloads - Transparenz-Initiative\",\"isPartOf\":{\"@id\":\"https:\\\/\\\/transparenz-ja.ch\\\/#website\"},\"datePublished\":\"2016-04-25T13:53:43+00:00\",\"dateModified\":\"2018-02-13T08:57:29+00:00\",\"breadcrumb\":{\"@id\":\"https:\\\/\\\/transparenz-ja.ch\\\/fr\\\/downloads\\\/#breadcrumb\"},\"inLanguage\":\"fr-FR\",\"potentialAction\":[{\"@type\":\"ReadAction\",\"target\":[\"https:\\\/\\\/transparenz-ja.ch\\\/fr\\\/downloads\\\/\"]}]},{\"@type\":\"BreadcrumbList\",\"@id\":\"https:\\\/\\\/transparenz-ja.ch\\\/fr\\\/downloads\\\/#breadcrumb\",\"itemListElement\":[{\"@type\":\"ListItem\",\"position\":1,\"name\":\"Startseite\",\"item\":\"https:\\\/\\\/transparenz-ja.ch\\\/fr\\\/\"},{\"@type\":\"ListItem\",\"position\":2,\"name\":\"Downloads\"}]},{\"@type\":\"WebSite\",\"@id\":\"https:\\\/\\\/transparenz-ja.ch\\\/#website\",\"url\":\"https:\\\/\\\/transparenz-ja.ch\\\/\",\"name\":\"Transparenz-Initiative\",\"description\":\"F\u00fcr mehr Transparenz in der Politikfinanzierung\",\"potentialAction\":[{\"@type\":\"SearchAction\",\"target\":{\"@type\":\"EntryPoint\",\"urlTemplate\":\"https:\\\/\\\/transparenz-ja.ch\\\/?s={search_term_string}\"},\"query-input\":{\"@type\":\"PropertyValueSpecification\",\"valueRequired\":true,\"valueName\":\"search_term_string\"}}],\"inLanguage\":\"fr-FR\"}]}<\/script>\n<!-- \/ Yoast SEO plugin. -->","yoast_head_json":{"title":"Downloads - Transparenz-Initiative","robots":{"index":"index","follow":"follow","max-snippet":"max-snippet:-1","max-image-preview":"max-image-preview:large","max-video-preview":"max-video-preview:-1"},"canonical":"https:\/\/transparenz-ja.ch\/fr\/downloads\/","og_locale":"fr_FR","og_type":"article","og_title":"Downloads - Transparenz-Initiative","og_description":"Argumentaire Argumentaire pour l'initiative sur la transparence Informations GRECO: Rapport de Conformit\u00e9 int\u00e9rimaire (2017) OECD: Financing Democracy (2016) Transparency International Suisse: Le Financement de la Politique en Suisse (2012) Michael Herrmann: Das politische Profil des Geldes (2012) Conf\u00e9d\u00e9ration Suisse: Financement des partis politiques et des campagnes \u00e9lectorales (2011) Conseil de l'Europe: Financement des partis politiques [&hellip;]","og_url":"https:\/\/transparenz-ja.ch\/fr\/downloads\/","og_site_name":"Transparenz-Initiative","article_modified_time":"2018-02-13T08:57:29+00:00","twitter_card":"summary_large_image","schema":{"@context":"https:\/\/schema.org","@graph":[{"@type":"WebPage","@id":"https:\/\/transparenz-ja.ch\/fr\/downloads\/","url":"https:\/\/transparenz-ja.ch\/fr\/downloads\/","name":"Downloads - Transparenz-Initiative","isPartOf":{"@id":"https:\/\/transparenz-ja.ch\/#website"},"datePublished":"2016-04-25T13:53:43+00:00","dateModified":"2018-02-13T08:57:29+00:00","breadcrumb":{"@id":"https:\/\/transparenz-ja.ch\/fr\/downloads\/#breadcrumb"},"inLanguage":"fr-FR","potentialAction":[{"@type":"ReadAction","target":["https:\/\/transparenz-ja.ch\/fr\/downloads\/"]}]},{"@type":"BreadcrumbList","@id":"https:\/\/transparenz-ja.ch\/fr\/downloads\/#breadcrumb","itemListElement":[{"@type":"ListItem","position":1,"name":"Startseite","item":"https:\/\/transparenz-ja.ch\/fr\/"},{"@type":"ListItem","position":2,"name":"Downloads"}]},{"@type":"WebSite","@id":"https:\/\/transparenz-ja.ch\/#website","url":"https:\/\/transparenz-ja.ch\/","name":"Transparenz-Initiative","description":"F\u00fcr mehr Transparenz in der Politikfinanzierung","potentialAction":[{"@type":"SearchAction","target":{"@type":"EntryPoint","urlTemplate":"https:\/\/transparenz-ja.ch\/?s={search_term_string}"},"query-input":{"@type":"PropertyValueSpecification","valueRequired":true,"valueName":"search_term_string"}}],"inLanguage":"fr-FR"}]}},"_links":{"self":[{"href":"https:\/\/transparenz-ja.ch\/fr\/wp-json\/wp\/v2\/pages\/168","targetHints":{"allow":["GET"]}}],"collection":[{"href":"https:\/\/transparenz-ja.ch\/fr\/wp-json\/wp\/v2\/pages"}],"about":[{"href":"https:\/\/transparenz-ja.ch\/fr\/wp-json\/wp\/v2\/types\/page"}],"author":[{"embeddable":true,"href":"https:\/\/transparenz-ja.ch\/fr\/wp-json\/wp\/v2\/users\/68"}],"replies":[{"embeddable":true,"href":"https:\/\/transparenz-ja.ch\/fr\/wp-json\/wp\/v2\/comments?post=168"}],"version-history":[{"count":24,"href":"https:\/\/transparenz-ja.ch\/fr\/wp-json\/wp\/v2\/pages\/168\/revisions"}],"predecessor-version":[{"id":577,"href":"https:\/\/transparenz-ja.ch\/fr\/wp-json\/wp\/v2\/pages\/168\/revisions\/577"}],"wp:attachment":[{"href":"https:\/\/transparenz-ja.ch\/fr\/wp-json\/wp\/v2\/media?parent=168"}],"curies":[{"name":"wp","href":"https:\/\/api.w.org\/{rel}","templated":true}]}}